{"id":903,"date":"2018-11-30T19:27:21","date_gmt":"2018-11-30T22:27:21","guid":{"rendered":"https:\/\/isfd14-bue.infd.edu.ar\/sitio\/?page_id=903"},"modified":"2025-12-17T09:33:02","modified_gmt":"2025-12-17T12:33:02","slug":"documentacion-para-el-docente","status":"publish","type":"page","link":"https:\/\/isfd14-bue.infd.edu.ar\/sitio\/documentacion-para-el-docente\/","title":{"rendered":"DOCUMENTACI\u00d3N PARA EL DOCENTE"},"content":{"rendered":"<p><strong>Para Coberturas de C\u00e1tedra:<\/strong><\/p>\n<ul>\n<li><a href=\"https:\/\/isfd14-bue.infd.edu.ar\/sitio\/wp-content\/uploads\/2025\/12\/Res-6179.pdf\">Resoluci\u00f3n 6179\/25 &#8211; Cobertura de c\u00e1tedra y cargos base<\/a><\/li>\n<li><a href=\"https:\/\/isfd14-bue.infd.edu.ar\/sitio\/wp-content\/uploads\/2021\/12\/2011_Disposicion-12-Trayectos-formativos-opcionales-TAFOS.pdf\">Disposici\u00f3n 12\/11 Trayectos Formativos Opcionales<\/a><\/li>\n<li><a href=\"https:\/\/isfd14-bue.infd.edu.ar\/sitio\/wp-content\/uploads\/2024\/12\/Anexo-3-Consideraciones-para-la-Implementacion-de-las-PPC.pdf\">Anexo 3 Res. 4196\/24 &#8211; Consideraciones para la Implementaci\u00f3n de las Propuestas Pedag\u00f3gicas Combinadas (PPC)<\/a><\/li>\n<\/ul>\n<p><strong>Formularios Administrativos:<\/strong><\/p>\n<ul>\n<li><a href=\"https:\/\/isfd14-bue.infd.edu.ar\/sitio\/wp-content\/uploads\/2020\/03\/Declaracion_Jurada_2020.doc\">Declaraci\u00f3n Jurada de Horarios<\/a><\/li>\n<li><a href=\"https:\/\/isfd14-bue.infd.edu.ar\/sitio\/wp-content\/uploads\/2018\/11\/RENUNCIA-PROVISIONALES-Y-SUPLENTES.pdf\">Formulario de Renuncia Provisionales &#8211; Suplentes<\/a><\/li>\n<li><a href=\"https:\/\/isfd14-bue.infd.edu.ar\/sitio\/wp-content\/uploads\/2018\/11\/RENUNCIA-TITULARES.pdf\">Formulario de Renuncia Titulares<\/a><\/li>\n<li><a href=\"https:\/\/isfd14-bue.infd.edu.ar\/sitio\/wp-content\/uploads\/2018\/11\/SET4.doc\">SET4<\/a><\/li>\n<li><a href=\"https:\/\/isfd14-bue.infd.edu.ar\/sitio\/wp-content\/uploads\/2019\/11\/Actualizacion-Legajo-Docente.pdf\">Actualizaci\u00f3n Legajo Docente<\/a><\/li>\n<li><a href=\"https:\/\/isfd14-bue.infd.edu.ar\/sitio\/wp-content\/uploads\/2019\/11\/APERTURA-LEGAGO-DOCENTE.pdf\">Apertura de Legajo Docente<\/a><\/li>\n<li><a href=\"https:\/\/isfd14-bue.infd.edu.ar\/sitio\/wp-content\/uploads\/2021\/09\/Causas-partiuclares.docx\">Licencia por Causas Particulares Art 114 Inc. o4<\/a><\/li>\n<\/ul>\n<p><strong>Salidas Educativas:<\/strong><\/p>\n<ul>\n<li><a href=\"https:\/\/isfd14-bue.infd.edu.ar\/sitio\/wp-content\/uploads\/2024\/10\/COMPLETA.pdf\">Res. 3871\/24<\/a><\/li>\n<li><a href=\"https:\/\/isfd14-bue.infd.edu.ar\/sitio\/wp-content\/uploads\/2024\/10\/ANEXO-4-3871-2024-1.docx\">Anexo IV Editable<\/a><\/li>\n<li><a href=\"https:\/\/isfd14-bue.infd.edu.ar\/sitio\/wp-content\/uploads\/2024\/10\/ANEXO-5-3871-2024-2.docx\">Anexo V Editable<\/a><\/li>\n<li><a href=\"https:\/\/isfd14-bue.infd.edu.ar\/sitio\/wp-content\/uploads\/2024\/10\/ANEXO-7-3871-2024.docx\">Anexo VII Editable<\/a><\/li>\n<li><a href=\"https:\/\/isfd14-bue.infd.edu.ar\/sitio\/wp-content\/uploads\/2024\/10\/ANEXO-8-3871-2024.docx\">Anexo VIII Editable<\/a><\/li>\n<li><a href=\"https:\/\/isfd14-bue.infd.edu.ar\/sitio\/wp-content\/uploads\/2024\/10\/ANEXO-9-3871-2024.docx\">Anexo IX Editable<\/a><\/li>\n<\/ul>\n","protected":false},"excerpt":{"rendered":"<p>Para Coberturas de C\u00e1tedra: Resoluci\u00f3n 6179\/25 &#8211; Cobertura de c\u00e1tedra y cargos base Disposici\u00f3n 12\/11 Trayectos Formativos Opcionales Anexo 3 Res. 4196\/24 &#8211; Consideraciones para la Implementaci\u00f3n de las Propuestas Pedag\u00f3gicas Combinadas (PPC) Formularios Administrativos: Declaraci\u00f3n Jurada de Horarios Formulario de Renuncia Provisionales &#8211; Suplentes Formulario de Renuncia Titulares SET4 Actualizaci\u00f3n Legajo Docente Apertura de &#8230; <a title=\"DOCUMENTACI\u00d3N PARA EL DOCENTE\" class=\"read-more\" href=\"https:\/\/isfd14-bue.infd.edu.ar\/sitio\/documentacion-para-el-docente\/\" aria-label=\"More on DOCUMENTACI\u00d3N PARA EL DOCENTE\">[+]<\/a><\/p>\n","protected":false},"author":1019,"featured_media":0,"parent":0,"menu_order":0,"comment_status":"closed","ping_status":"closed","template":"","meta":[],"acf":[],"_links":{"self":[{"href":"https:\/\/isfd14-bue.infd.edu.ar\/sitio\/wp-json\/wp\/v2\/pages\/903"}],"collection":[{"href":"https:\/\/isfd14-bue.infd.edu.ar\/sitio\/wp-json\/wp\/v2\/pages"}],"about":[{"href":"https:\/\/isfd14-bue.infd.edu.ar\/sitio\/wp-json\/wp\/v2\/types\/page"}],"author":[{"embeddable":true,"href":"https:\/\/isfd14-bue.infd.edu.ar\/sitio\/wp-json\/wp\/v2\/users\/1019"}],"replies":[{"embeddable":true,"href":"https:\/\/isfd14-bue.infd.edu.ar\/sitio\/wp-json\/wp\/v2\/comments?post=903"}],"version-history":[{"count":40,"href":"https:\/\/isfd14-bue.infd.edu.ar\/sitio\/wp-json\/wp\/v2\/pages\/903\/revisions"}],"predecessor-version":[{"id":5010,"href":"https:\/\/isfd14-bue.infd.edu.ar\/sitio\/wp-json\/wp\/v2\/pages\/903\/revisions\/5010"}],"wp:attachment":[{"href":"https:\/\/isfd14-bue.infd.edu.ar\/sitio\/wp-json\/wp\/v2\/media?parent=903"}],"curies":[{"name":"wp","href":"https:\/\/api.w.org\/{rel}","templated":true}]}}