{"id":4038,"date":"2024-09-12T21:29:07","date_gmt":"2024-09-13T00:29:07","guid":{"rendered":"https:\/\/isfd14-bue.infd.edu.ar\/sitio\/?page_id=4038"},"modified":"2024-09-12T21:29:10","modified_gmt":"2024-09-13T00:29:10","slug":"tain","status":"publish","type":"page","link":"https:\/\/isfd14-bue.infd.edu.ar\/sitio\/tain\/","title":{"rendered":"TAIN"},"content":{"rendered":"\n<p><strong>Profesorado de Educaci\u00f3n Inicial<\/strong><\/p>\n\n\n\n<p><strong>Profesorado de Educaci\u00f3n Primaria<\/strong><\/p>\n\n\n\n<p><strong>Profesorado de Educaci\u00f3n Especial<\/strong><\/p>\n","protected":false},"excerpt":{"rendered":"<p>Profesorado de Educaci\u00f3n Inicial Profesorado de Educaci\u00f3n Primaria Profesorado de Educaci\u00f3n Especial<\/p>\n","protected":false},"author":2006,"featured_media":0,"parent":0,"menu_order":0,"comment_status":"closed","ping_status":"closed","template":"","meta":[],"acf":[],"_links":{"self":[{"href":"https:\/\/isfd14-bue.infd.edu.ar\/sitio\/wp-json\/wp\/v2\/pages\/4038"}],"collection":[{"href":"https:\/\/isfd14-bue.infd.edu.ar\/sitio\/wp-json\/wp\/v2\/pages"}],"about":[{"href":"https:\/\/isfd14-bue.infd.edu.ar\/sitio\/wp-json\/wp\/v2\/types\/page"}],"author":[{"embeddable":true,"href":"https:\/\/isfd14-bue.infd.edu.ar\/sitio\/wp-json\/wp\/v2\/users\/2006"}],"replies":[{"embeddable":true,"href":"https:\/\/isfd14-bue.infd.edu.ar\/sitio\/wp-json\/wp\/v2\/comments?post=4038"}],"version-history":[{"count":1,"href":"https:\/\/isfd14-bue.infd.edu.ar\/sitio\/wp-json\/wp\/v2\/pages\/4038\/revisions"}],"predecessor-version":[{"id":4040,"href":"https:\/\/isfd14-bue.infd.edu.ar\/sitio\/wp-json\/wp\/v2\/pages\/4038\/revisions\/4040"}],"wp:attachment":[{"href":"https:\/\/isfd14-bue.infd.edu.ar\/sitio\/wp-json\/wp\/v2\/media?parent=4038"}],"curies":[{"name":"wp","href":"https:\/\/api.w.org\/{rel}","templated":true}]}}