{"id":4020,"date":"2024-09-12T21:15:07","date_gmt":"2024-09-13T00:15:07","guid":{"rendered":"https:\/\/isfd14-bue.infd.edu.ar\/sitio\/?page_id=4020"},"modified":"2024-11-27T20:59:33","modified_gmt":"2024-11-27T23:59:33","slug":"consejo-academico-institucional","status":"publish","type":"page","link":"https:\/\/isfd14-bue.infd.edu.ar\/sitio\/consejo-academico-institucional\/","title":{"rendered":"Consejo Acad\u00e9mcio Institucional"},"content":{"rendered":"\n<p><\/p>\n\n\n\n<p>Los Consejos Acad\u00e9micos Institucionales son \u00f3rganos colegiados de asesoramiento, propuesta, debate y decisi\u00f3n, para una gesti\u00f3n participativa, en el marco de la autonom\u00eda institucional en la unidad del sistema del nivel superior, dentro de las regulaciones de la pol\u00edtica educativa jurisdiccional y federal.<br>Las decisiones del CAI tendr\u00e1n car\u00e1cter vinculante para la Instituci\u00f3n en aquellos t\u00f3picos detallados en la presente y car\u00e1cter de asesoramiento en toda otra cuesti\u00f3n que trate a requerimiento de los equipos de conducci\u00f3n.<\/p>\n","protected":false},"excerpt":{"rendered":"<p>Los Consejos Acad\u00e9micos Institucionales son \u00f3rganos colegiados de asesoramiento, propuesta, debate y decisi\u00f3n, para una gesti\u00f3n participativa, en el marco de la autonom\u00eda institucional en la unidad del sistema del nivel superior, dentro de las regulaciones de la pol\u00edtica educativa jurisdiccional y federal.Las decisiones del CAI tendr\u00e1n car\u00e1cter vinculante para la Instituci\u00f3n en aquellos t\u00f3picos &#8230; <a title=\"Consejo Acad\u00e9mcio Institucional\" class=\"read-more\" href=\"https:\/\/isfd14-bue.infd.edu.ar\/sitio\/consejo-academico-institucional\/\" aria-label=\"More on Consejo Acad\u00e9mcio Institucional\">[+]<\/a><\/p>\n","protected":false},"author":2006,"featured_media":0,"parent":0,"menu_order":0,"comment_status":"closed","ping_status":"closed","template":"","meta":[],"acf":[],"_links":{"self":[{"href":"https:\/\/isfd14-bue.infd.edu.ar\/sitio\/wp-json\/wp\/v2\/pages\/4020"}],"collection":[{"href":"https:\/\/isfd14-bue.infd.edu.ar\/sitio\/wp-json\/wp\/v2\/pages"}],"about":[{"href":"https:\/\/isfd14-bue.infd.edu.ar\/sitio\/wp-json\/wp\/v2\/types\/page"}],"author":[{"embeddable":true,"href":"https:\/\/isfd14-bue.infd.edu.ar\/sitio\/wp-json\/wp\/v2\/users\/2006"}],"replies":[{"embeddable":true,"href":"https:\/\/isfd14-bue.infd.edu.ar\/sitio\/wp-json\/wp\/v2\/comments?post=4020"}],"version-history":[{"count":5,"href":"https:\/\/isfd14-bue.infd.edu.ar\/sitio\/wp-json\/wp\/v2\/pages\/4020\/revisions"}],"predecessor-version":[{"id":4397,"href":"https:\/\/isfd14-bue.infd.edu.ar\/sitio\/wp-json\/wp\/v2\/pages\/4020\/revisions\/4397"}],"wp:attachment":[{"href":"https:\/\/isfd14-bue.infd.edu.ar\/sitio\/wp-json\/wp\/v2\/media?parent=4020"}],"curies":[{"name":"wp","href":"https:\/\/api.w.org\/{rel}","templated":true}]}}