{"id":3605,"date":"2023-12-19T15:26:20","date_gmt":"2023-12-19T18:26:20","guid":{"rendered":"https:\/\/isfd14-bue.infd.edu.ar\/sitio\/?page_id=3605"},"modified":"2023-12-19T15:28:46","modified_gmt":"2023-12-19T18:28:46","slug":"canal-de-youtube","status":"publish","type":"page","link":"https:\/\/isfd14-bue.infd.edu.ar\/sitio\/canal-de-youtube\/","title":{"rendered":"CANAL DE YOUTUBE"},"content":{"rendered":"\n<p>Esta secci\u00f3n permite dar a conocer este proyecto institucional donde a trav\u00e9s de un canal de Youtube y de manera digital nos acercamos a la comunidad de Lincoln y la zona.<\/p>\n\n\n\n<p>Listas de Reproducci\u00f3n:<\/p>\n\n\n\n<p><a href=\"https:\/\/isfd14-bue.infd.edu.ar\/sitio\/el-espiral-una-propuesta-del-instituto-donde-a-traves-de-testimonios-de-ex-alumnos-nos-dan-una-mirada-sobre-la-inclusion\/\" data-type=\"URL\" data-id=\"https:\/\/isfd14-bue.infd.edu.ar\/sitio\/el-espiral-una-propuesta-del-instituto-donde-a-traves-de-testimonios-de-ex-alumnos-nos-dan-una-mirada-sobre-la-inclusion\/\">El Espiral &#8211; Una propuesta del Instituto donde, a trav\u00e9s de testimonios de ex alumnos, nos dan una mirada sobre la inclusi\u00f3n.<\/a><\/p>\n\n\n\n<p><a href=\"https:\/\/isfd14-bue.infd.edu.ar\/sitio\/jornadas-de-ed-inicial\/\" data-type=\"URL\" data-id=\"https:\/\/isfd14-bue.infd.edu.ar\/sitio\/jornadas-de-ed-inicial\/\">Jornadas de Ed. Inicial<\/a><\/p>\n\n\n\n<p><a href=\"https:\/\/isfd14-bue.infd.edu.ar\/sitio\/propuesta-academica-2024\/\" data-type=\"URL\" data-id=\"https:\/\/isfd14-bue.infd.edu.ar\/sitio\/propuesta-academica-2024\/\">Propuesta Acad\u00e9mica 2024<\/a><\/p>\n","protected":false},"excerpt":{"rendered":"<p>Esta secci\u00f3n permite dar a conocer este proyecto institucional donde a trav\u00e9s de un canal de Youtube y de manera digital nos acercamos a la comunidad de Lincoln y la zona. Listas de Reproducci\u00f3n: El Espiral &#8211; Una propuesta del Instituto donde, a trav\u00e9s de testimonios de ex alumnos, nos dan una mirada sobre la &#8230; <a title=\"CANAL DE YOUTUBE\" class=\"read-more\" href=\"https:\/\/isfd14-bue.infd.edu.ar\/sitio\/canal-de-youtube\/\" aria-label=\"More on CANAL DE YOUTUBE\">[+]<\/a><\/p>\n","protected":false},"author":2006,"featured_media":0,"parent":0,"menu_order":0,"comment_status":"closed","ping_status":"closed","template":"","meta":[],"acf":[],"_links":{"self":[{"href":"https:\/\/isfd14-bue.infd.edu.ar\/sitio\/wp-json\/wp\/v2\/pages\/3605"}],"collection":[{"href":"https:\/\/isfd14-bue.infd.edu.ar\/sitio\/wp-json\/wp\/v2\/pages"}],"about":[{"href":"https:\/\/isfd14-bue.infd.edu.ar\/sitio\/wp-json\/wp\/v2\/types\/page"}],"author":[{"embeddable":true,"href":"https:\/\/isfd14-bue.infd.edu.ar\/sitio\/wp-json\/wp\/v2\/users\/2006"}],"replies":[{"embeddable":true,"href":"https:\/\/isfd14-bue.infd.edu.ar\/sitio\/wp-json\/wp\/v2\/comments?post=3605"}],"version-history":[{"count":3,"href":"https:\/\/isfd14-bue.infd.edu.ar\/sitio\/wp-json\/wp\/v2\/pages\/3605\/revisions"}],"predecessor-version":[{"id":3618,"href":"https:\/\/isfd14-bue.infd.edu.ar\/sitio\/wp-json\/wp\/v2\/pages\/3605\/revisions\/3618"}],"wp:attachment":[{"href":"https:\/\/isfd14-bue.infd.edu.ar\/sitio\/wp-json\/wp\/v2\/media?parent=3605"}],"curies":[{"name":"wp","href":"https:\/\/api.w.org\/{rel}","templated":true}]}}