{"id":3356,"date":"2023-10-26T08:32:47","date_gmt":"2023-10-26T11:32:47","guid":{"rendered":"https:\/\/isfd14-bue.infd.edu.ar\/sitio\/?page_id=3356"},"modified":"2026-02-09T09:29:12","modified_gmt":"2026-02-09T12:29:12","slug":"inscripcion-2025","status":"publish","type":"page","link":"https:\/\/isfd14-bue.infd.edu.ar\/sitio\/inscripcion-2025\/","title":{"rendered":"Inscripci\u00f3n 2026"},"content":{"rendered":"\n<p>M\u00f3dulo de Pre-Inscripci\u00f3n:<a rel=\"noreferrer noopener\" href=\"https:\/\/preinscripciones.guarani.abc.gob.ar\/\" target=\"_blank\"> https:\/\/preinscripciones.guarani.abc.gob.ar\/<\/a><\/p>\n\n\n\n<p>A partir del 11\/02\/2026 cada postulante podr\u00e1 registrarse en la plataforma SIU Guaran\u00ed. Una vez que cada postulante cuente con su usuario, podr\u00e1 realizar la pre-inscripci\u00f3n a las carreras que se ofrecen en esta instituci\u00f3n.<\/p>\n\n\n\n<p><strong>ATENCI\u00d3N<\/strong>: el m\u00f3dulo de preinscripciones para aspirantes ya est\u00e1 disponible lo que permite el registro de nuevos usuarios y la carga de datos censales. Las preinscripciones s\u00f3lo estar\u00e1n disponibles a partir de la fecha fijada por cronograma que se publica a continuaci\u00f3n. Asimismo, tambi\u00e9n se encuentran publicadas en la secci\u00f3n Preguntas Frecuentes de la p\u00e1gina <a rel=\"noreferrer noopener\" href=\"https:\/\/iniciopba.guarani.abc.gob.ar\/\" target=\"_blank\">https:\/\/iniciopba.guarani.abc.gob.ar\/<\/a>&nbsp;&nbsp;&nbsp;<\/p>\n\n\n\n<p>Al finalizar la pre-inscripci\u00f3n en el sistema SIU Guaran\u00ed, debes comunicarte con el instituto para confirmar la inscripci\u00f3n realizando la entrega de la documentaci\u00f3n requerida.<\/p>\n\n\n\n<ul>\n<li>Tutorial de preinscripci\u00f3n: desde el siguiente enlace acceden al video tutorial para el registro y creaci\u00f3n de usuarios para aspirantes: <a href=\"https:\/\/www.youtube.com\/watch?v=1sd8rDHb0nk\" target=\"_blank\" rel=\"noreferrer noopener\">https:\/\/www.youtube.com\/watch?v=1sd8rDHb0nk<\/a>&nbsp;<\/li>\n<\/ul>\n\n\n\n<p class=\"has-large-font-size\"><strong>Cronograma pre-inscripci\u00f3n 2026<\/strong><\/p>\n\n\n\n<figure class=\"wp-block-table\"><table><tbody><tr><td class=\"has-text-align-center\" data-align=\"center\"><strong>Carrera<\/strong><\/td><td class=\"has-text-align-center\" data-align=\"center\"><strong>A Partir de<\/strong><\/td><\/tr><tr><td class=\"has-text-align-center\" data-align=\"center\"><\/td><td class=\"has-text-align-center\" data-align=\"center\"><\/td><\/tr><tr><td class=\"has-text-align-center\" data-align=\"center\">Prof. de Ed. Primaria<\/td><td class=\"has-text-align-center\" data-align=\"center\">11\/02\/2026<\/td><\/tr><tr><td class=\"has-text-align-center\" data-align=\"center\">Prof. de Educaci\u00f3n Especial (3er A\u00f1o &#8211; Discapacidad Intelectual)<\/td><td class=\"has-text-align-center\" data-align=\"center\">11\/02\/2026<\/td><\/tr><tr><td class=\"has-text-align-center\" data-align=\"center\">Tecnicatura Superior en Psicopedagog\u00eda<\/td><td class=\"has-text-align-center\" data-align=\"center\">11\/02\/2026<\/td><\/tr><tr><td class=\"has-text-align-center\" data-align=\"center\">Tecnicatura Superior en Trabajo Social<\/td><td class=\"has-text-align-center\" data-align=\"center\">11\/02\/2026<\/td><\/tr><tr><td class=\"has-text-align-center\" data-align=\"center\">Tecnicatura Superior en Administraci\u00f3n de Pymes<\/td><td class=\"has-text-align-center\" data-align=\"center\">11\/02\/2026<\/td><\/tr><tr><td class=\"has-text-align-center\" data-align=\"center\">Tecnicatura Superior en Pr\u00e1cticas Deportivas<\/td><td class=\"has-text-align-center\" data-align=\"center\">11\/02\/2026<\/td><\/tr><tr><td class=\"has-text-align-center\" data-align=\"center\">Tecnicatura Superior en Turismo<\/td><td class=\"has-text-align-center\" data-align=\"center\">11\/02\/2026<\/td><\/tr><tr><td class=\"has-text-align-center\" data-align=\"center\">Tecnicatura Superior en Higiene, Seguridad y Ambiente laboral<\/td><td class=\"has-text-align-center\" data-align=\"center\">11\/02\/2026<\/td><\/tr><\/tbody><\/table><\/figure>\n","protected":false},"excerpt":{"rendered":"<p>M\u00f3dulo de Pre-Inscripci\u00f3n: https:\/\/preinscripciones.guarani.abc.gob.ar\/ A partir del 11\/02\/2026 cada postulante podr\u00e1 registrarse en la plataforma SIU Guaran\u00ed. Una vez que cada postulante cuente con su usuario, podr\u00e1 realizar la pre-inscripci\u00f3n a las carreras que se ofrecen en esta instituci\u00f3n. ATENCI\u00d3N: el m\u00f3dulo de preinscripciones para aspirantes ya est\u00e1 disponible lo que permite el registro de &#8230; <a title=\"Inscripci\u00f3n 2026\" class=\"read-more\" href=\"https:\/\/isfd14-bue.infd.edu.ar\/sitio\/inscripcion-2025\/\" aria-label=\"More on Inscripci\u00f3n 2026\">[+]<\/a><\/p>\n","protected":false},"author":1019,"featured_media":0,"parent":0,"menu_order":0,"comment_status":"closed","ping_status":"closed","template":"","meta":[],"acf":[],"_links":{"self":[{"href":"https:\/\/isfd14-bue.infd.edu.ar\/sitio\/wp-json\/wp\/v2\/pages\/3356"}],"collection":[{"href":"https:\/\/isfd14-bue.infd.edu.ar\/sitio\/wp-json\/wp\/v2\/pages"}],"about":[{"href":"https:\/\/isfd14-bue.infd.edu.ar\/sitio\/wp-json\/wp\/v2\/types\/page"}],"author":[{"embeddable":true,"href":"https:\/\/isfd14-bue.infd.edu.ar\/sitio\/wp-json\/wp\/v2\/users\/1019"}],"replies":[{"embeddable":true,"href":"https:\/\/isfd14-bue.infd.edu.ar\/sitio\/wp-json\/wp\/v2\/comments?post=3356"}],"version-history":[{"count":16,"href":"https:\/\/isfd14-bue.infd.edu.ar\/sitio\/wp-json\/wp\/v2\/pages\/3356\/revisions"}],"predecessor-version":[{"id":5035,"href":"https:\/\/isfd14-bue.infd.edu.ar\/sitio\/wp-json\/wp\/v2\/pages\/3356\/revisions\/5035"}],"wp:attachment":[{"href":"https:\/\/isfd14-bue.infd.edu.ar\/sitio\/wp-json\/wp\/v2\/media?parent=3356"}],"curies":[{"name":"wp","href":"https:\/\/api.w.org\/{rel}","templated":true}]}}