{"id":3317,"date":"2023-10-17T20:15:05","date_gmt":"2023-10-17T23:15:05","guid":{"rendered":"https:\/\/isfd14-bue.infd.edu.ar\/sitio\/?page_id=3317"},"modified":"2024-08-01T19:29:37","modified_gmt":"2024-08-01T22:29:37","slug":"cronograma-mesas-examen","status":"publish","type":"page","link":"https:\/\/isfd14-bue.infd.edu.ar\/sitio\/cronograma-mesas-examen\/","title":{"rendered":"MESAS EXAMEN TURNO JULIO-AGOSTO"},"content":{"rendered":"\n<p class=\"has-text-align-center\"><strong> <\/strong><\/p>\n\n\n\n<p class=\"has-text-align-center\"><strong>CRONOGRAMA:<\/strong> <img decoding=\"async\" class=\"wp-image-3979\" style=\"width: NaNpx;\" src=\"https:\/\/isfd14-bue.infd.edu.ar\/sitio\/wp-content\/uploads\/2024\/07\/Mesas-Julio-Agosto-2024-7.pdf\" alt=\"\"><strong><a href=\"https:\/\/isfd14-bue.infd.edu.ar\/sitio\/wp-content\/uploads\/2024\/08\/Mesas-Julio-Agosto-2024.pdf\">LINK<\/a><\/strong><img decoding=\"async\" class=\"wp-image-3971\" style=\"width: NaNpx;\" src=\"https:\/\/isfd14-bue.infd.edu.ar\/sitio\/wp-content\/uploads\/2024\/07\/Mesas-Julio-Agosto-2024-4.pdf\" alt=\"\"><\/p>\n\n\n\n<p class=\"has-text-align-center\"><strong>INSCRIPCIONES A MESAS DE EXAMEN<\/strong>:<\/p>\n\n\n\n<p class=\"has-text-align-center has-text-color\" style=\"color:#21911b\"><strong><a href=\"https:\/\/forms.gle\/egcKzESfZaPgMzYp6\">PROFESORADO DE EDUCACI\u00d3N INICIAL<\/a><\/strong><\/p>\n\n\n\n<p class=\"has-text-align-center\"><strong><a href=\"https:\/\/forms.gle\/zDMGuGB1jsuYzDEFA\">PROFESORADO DE EDUCACI\u00d3N ESPECIAL<\/a><\/strong><\/p>\n\n\n\n<p class=\"has-text-align-center\"><strong><a href=\"https:\/\/forms.gle\/pofjBQ5c6yMgiWZ66\">PROFESORADO DE EDUCACI\u00d3N PRIMARIA<\/a><\/strong><\/p>\n\n\n\n<p class=\"has-text-align-center\"><strong><a href=\"https:\/\/lc.cx\/asuE5v\">TECNICATURA SUPERIOR EN PSICOPEDAGOG\u00cdA<\/a><\/strong><\/p>\n\n\n\n<p class=\"has-text-align-center\"><strong><a href=\"https:\/\/forms.gle\/wwoeJNsSxaumG5Rr9\">TECNICATURA SUPERIOR EN TRABAJO SOCIAL<\/a><\/strong><\/p>\n\n\n\n<p class=\"has-text-align-center\"><strong><a href=\"https:\/\/forms.gle\/tc67m9tKo8oT7Mfb7\">TECNICATURA SUPERIOR EN BIBLIOTECOLOG\u00cdA<\/a><\/strong><\/p>\n\n\n\n<p><\/p>\n\n\n\n<p><\/p>\n\n\n\n<p><\/p>\n\n\n\n<p><\/p>\n","protected":false},"excerpt":{"rendered":"<p>CRONOGRAMA: LINK INSCRIPCIONES A MESAS DE EXAMEN: PROFESORADO DE EDUCACI\u00d3N INICIAL PROFESORADO DE EDUCACI\u00d3N ESPECIAL PROFESORADO DE EDUCACI\u00d3N PRIMARIA TECNICATURA SUPERIOR EN PSICOPEDAGOG\u00cdA TECNICATURA SUPERIOR EN TRABAJO SOCIAL TECNICATURA SUPERIOR EN BIBLIOTECOLOG\u00cdA<\/p>\n","protected":false},"author":1019,"featured_media":0,"parent":0,"menu_order":0,"comment_status":"closed","ping_status":"closed","template":"","meta":[],"acf":[],"_links":{"self":[{"href":"https:\/\/isfd14-bue.infd.edu.ar\/sitio\/wp-json\/wp\/v2\/pages\/3317"}],"collection":[{"href":"https:\/\/isfd14-bue.infd.edu.ar\/sitio\/wp-json\/wp\/v2\/pages"}],"about":[{"href":"https:\/\/isfd14-bue.infd.edu.ar\/sitio\/wp-json\/wp\/v2\/types\/page"}],"author":[{"embeddable":true,"href":"https:\/\/isfd14-bue.infd.edu.ar\/sitio\/wp-json\/wp\/v2\/users\/1019"}],"replies":[{"embeddable":true,"href":"https:\/\/isfd14-bue.infd.edu.ar\/sitio\/wp-json\/wp\/v2\/comments?post=3317"}],"version-history":[{"count":87,"href":"https:\/\/isfd14-bue.infd.edu.ar\/sitio\/wp-json\/wp\/v2\/pages\/3317\/revisions"}],"predecessor-version":[{"id":3985,"href":"https:\/\/isfd14-bue.infd.edu.ar\/sitio\/wp-json\/wp\/v2\/pages\/3317\/revisions\/3985"}],"wp:attachment":[{"href":"https:\/\/isfd14-bue.infd.edu.ar\/sitio\/wp-json\/wp\/v2\/media?parent=3317"}],"curies":[{"name":"wp","href":"https:\/\/api.w.org\/{rel}","templated":true}]}}