{"id":2542,"date":"2022-08-17T10:38:14","date_gmt":"2022-08-17T13:38:14","guid":{"rendered":"https:\/\/isfd14-bue.infd.edu.ar\/sitio\/?page_id=2542"},"modified":"2024-11-13T20:45:22","modified_gmt":"2024-11-13T23:45:22","slug":"plan-de-riesgo","status":"publish","type":"page","link":"https:\/\/isfd14-bue.infd.edu.ar\/sitio\/plan-de-riesgo\/","title":{"rendered":"Plan de Prevenci\u00f3n de Riesgos"},"content":{"rendered":"\n<div class=\"wp-block-file\"><object class=\"wp-block-file__embed\" data=\"https:\/\/isfd14-bue.infd.edu.ar\/sitio\/wp-content\/uploads\/2024\/11\/Plan-de-Riesgo.pdf\" type=\"application\/pdf\" style=\"width:100%;height:600px\" aria-label=\"Incrustado de Plan-de-Riesgo.\"><\/object><a id=\"wp-block-file--media-7ce0c431-42b8-4557-8cc8-0dcf7b55c47d\" href=\"https:\/\/isfd14-bue.infd.edu.ar\/sitio\/wp-content\/uploads\/2024\/11\/Plan-de-Riesgo.pdf\">Plan-de-Riesgo<\/a><a href=\"https:\/\/isfd14-bue.infd.edu.ar\/sitio\/wp-content\/uploads\/2024\/11\/Plan-de-Riesgo.pdf\" class=\"wp-block-file__button wp-element-button\" download aria-describedby=\"wp-block-file--media-7ce0c431-42b8-4557-8cc8-0dcf7b55c47d\">Descarga<\/a><\/div>\n\n\n\n<p><\/p>\n\n\n\n<p><strong><u>Salidas de Emergencia<\/u><\/strong><\/p>\n\n\n\n<p>Todas las llaves estar\u00e1n a disposici\u00f3n del personal administrativo y auxiliar. Durante las jornadas de clases presenciales las puertas deber\u00e1n permanecer sin llave.<\/p>\n\n\n\n<p>La sede ubicada en calle Avellaneda 267, cuenta con una puerta principal de ingreso y una salida lateral con un port\u00f3n de doble hoja:<\/p>\n\n\n\n<figure class=\"wp-block-image size-full\"><img decoding=\"async\" loading=\"lazy\" width=\"456\" height=\"750\" src=\"https:\/\/isfd14-bue.infd.edu.ar\/sitio\/wp-content\/uploads\/2023\/12\/Sede-Avellaneda.jpg\" alt=\"\" class=\"wp-image-3478\"\/><\/figure>\n\n\n\n<p><\/p>\n\n\n\n<figure class=\"wp-block-image size-full\"><img decoding=\"async\" loading=\"lazy\" width=\"750\" height=\"486\" src=\"https:\/\/isfd14-bue.infd.edu.ar\/sitio\/wp-content\/uploads\/2023\/12\/Caseros-Planta-Baja.jpg\" alt=\"\" class=\"wp-image-3479\"\/><\/figure>\n\n\n\n<figure class=\"wp-block-image size-full\"><img decoding=\"async\" loading=\"lazy\" width=\"393\" height=\"752\" src=\"https:\/\/isfd14-bue.infd.edu.ar\/sitio\/wp-content\/uploads\/2023\/12\/Caseros-Planta-Alta.jpg\" alt=\"\" class=\"wp-image-3480\"\/><\/figure>\n","protected":false},"excerpt":{"rendered":"<p>Salidas de Emergencia Todas las llaves estar\u00e1n a disposici\u00f3n del personal administrativo y auxiliar. Durante las jornadas de clases presenciales las puertas deber\u00e1n permanecer sin llave. La sede ubicada en calle Avellaneda 267, cuenta con una puerta principal de ingreso y una salida lateral con un port\u00f3n de doble hoja:<\/p>\n","protected":false},"author":1019,"featured_media":0,"parent":0,"menu_order":0,"comment_status":"closed","ping_status":"closed","template":"","meta":[],"acf":[],"_links":{"self":[{"href":"https:\/\/isfd14-bue.infd.edu.ar\/sitio\/wp-json\/wp\/v2\/pages\/2542"}],"collection":[{"href":"https:\/\/isfd14-bue.infd.edu.ar\/sitio\/wp-json\/wp\/v2\/pages"}],"about":[{"href":"https:\/\/isfd14-bue.infd.edu.ar\/sitio\/wp-json\/wp\/v2\/types\/page"}],"author":[{"embeddable":true,"href":"https:\/\/isfd14-bue.infd.edu.ar\/sitio\/wp-json\/wp\/v2\/users\/1019"}],"replies":[{"embeddable":true,"href":"https:\/\/isfd14-bue.infd.edu.ar\/sitio\/wp-json\/wp\/v2\/comments?post=2542"}],"version-history":[{"count":8,"href":"https:\/\/isfd14-bue.infd.edu.ar\/sitio\/wp-json\/wp\/v2\/pages\/2542\/revisions"}],"predecessor-version":[{"id":4165,"href":"https:\/\/isfd14-bue.infd.edu.ar\/sitio\/wp-json\/wp\/v2\/pages\/2542\/revisions\/4165"}],"wp:attachment":[{"href":"https:\/\/isfd14-bue.infd.edu.ar\/sitio\/wp-json\/wp\/v2\/media?parent=2542"}],"curies":[{"name":"wp","href":"https:\/\/api.w.org\/{rel}","templated":true}]}}