{"id":2016,"date":"2021-10-12T10:35:59","date_gmt":"2021-10-12T13:35:59","guid":{"rendered":"https:\/\/isfd14-bue.infd.edu.ar\/sitio\/?page_id=2016"},"modified":"2025-06-25T18:13:38","modified_gmt":"2025-06-25T21:13:38","slug":"autoridades-2","status":"publish","type":"page","link":"https:\/\/isfd14-bue.infd.edu.ar\/sitio\/autoridades-2\/","title":{"rendered":"Autoridades"},"content":{"rendered":"\n<p class=\"has-text-align-center\"><mark style=\"background-color:rgba(0, 0, 0, 0)\" class=\"has-inline-color has-vivid-cyan-blue-color\"><strong>Director:     <\/strong><\/mark>Prof. <strong><em>Diego Villalba<\/em><\/strong>        mail: divillalba@abc.gob.ar<\/p>\n\n\n\n<p class=\"has-text-align-center\"><strong><mark style=\"background-color:rgba(0, 0, 0, 0)\" class=\"has-inline-color has-vivid-cyan-blue-color\">Vice Director:<\/mark> <\/strong>  Prof. <strong>Hern\u00e1n M. Gallvitz<\/strong>      mail: hgallvitz@abc.gob.ar<\/p>\n\n\n\n<p class=\"has-text-align-center\"><mark style=\"background-color:rgba(0, 0, 0, 0)\" class=\"has-inline-color has-vivid-cyan-blue-color\"><strong>Regente:<\/strong><\/mark>   Prof. <em><strong>Mariela Rosas <\/strong><\/em>        mail: marosas4@abc.gob.ar<\/p>\n\n\n\n<p class=\"has-text-align-center\"><mark style=\"background-color:rgba(0, 0, 0, 0)\" class=\"has-inline-color has-vivid-cyan-blue-color\"><strong>Secretaria: <\/strong><\/mark>       Prof. <strong><em>Mar\u00eda J. Sanz<\/em><\/strong>        mail: msanz4@abc.gob.ar<\/p>\n\n\n\n<p class=\"has-text-align-center\"><strong><mark style=\"background-color:rgba(0, 0, 0, 0)\" class=\"has-inline-color has-vivid-cyan-blue-color\">Jefa de \u00e1rea: <\/mark><\/strong>   Prof. <em><strong>Mar\u00eda Barnetche<\/strong><\/em>   mail:mbarnetche1@abc.gob.ar<\/p>\n\n\n\n<p class=\"has-text-align-center\"><strong><mark style=\"background-color:rgba(0, 0, 0, 0)\" class=\"has-inline-color has-vivid-cyan-blue-color\">Jefa de \u00e1rea: <\/mark><\/strong>   Prof. <em><strong>Fernanda Gonz\u00e1lez<\/strong><\/em>   mail:mariafgonzalez6@abc.gob.ar<\/p>\n\n\n\n<p class=\"has-accent-color has-text-color\">                                                              <\/p>\n\n\n\n<p>   <\/p>\n","protected":false},"excerpt":{"rendered":"<p>Director: Prof. Diego Villalba mail: divillalba@abc.gob.ar Vice Director: Prof. Hern\u00e1n M. Gallvitz mail: hgallvitz@abc.gob.ar Regente: Prof. Mariela Rosas mail: marosas4@abc.gob.ar Secretaria: Prof. Mar\u00eda J. Sanz mail: msanz4@abc.gob.ar Jefa de \u00e1rea: Prof. Mar\u00eda Barnetche mail:mbarnetche1@abc.gob.ar Jefa de \u00e1rea: Prof. Fernanda Gonz\u00e1lez mail:mariafgonzalez6@abc.gob.ar<\/p>\n","protected":false},"author":1019,"featured_media":0,"parent":0,"menu_order":0,"comment_status":"closed","ping_status":"closed","template":"","meta":[],"acf":[],"_links":{"self":[{"href":"https:\/\/isfd14-bue.infd.edu.ar\/sitio\/wp-json\/wp\/v2\/pages\/2016"}],"collection":[{"href":"https:\/\/isfd14-bue.infd.edu.ar\/sitio\/wp-json\/wp\/v2\/pages"}],"about":[{"href":"https:\/\/isfd14-bue.infd.edu.ar\/sitio\/wp-json\/wp\/v2\/types\/page"}],"author":[{"embeddable":true,"href":"https:\/\/isfd14-bue.infd.edu.ar\/sitio\/wp-json\/wp\/v2\/users\/1019"}],"replies":[{"embeddable":true,"href":"https:\/\/isfd14-bue.infd.edu.ar\/sitio\/wp-json\/wp\/v2\/comments?post=2016"}],"version-history":[{"count":10,"href":"https:\/\/isfd14-bue.infd.edu.ar\/sitio\/wp-json\/wp\/v2\/pages\/2016\/revisions"}],"predecessor-version":[{"id":4730,"href":"https:\/\/isfd14-bue.infd.edu.ar\/sitio\/wp-json\/wp\/v2\/pages\/2016\/revisions\/4730"}],"wp:attachment":[{"href":"https:\/\/isfd14-bue.infd.edu.ar\/sitio\/wp-json\/wp\/v2\/media?parent=2016"}],"curies":[{"name":"wp","href":"https:\/\/api.w.org\/{rel}","templated":true}]}}