{"id":1765,"date":"2021-03-26T12:11:26","date_gmt":"2021-03-26T15:11:26","guid":{"rendered":"https:\/\/isfd14-bue.infd.edu.ar\/sitio\/?page_id=1765"},"modified":"2025-10-21T19:42:26","modified_gmt":"2025-10-21T22:42:26","slug":"centro-de-estudiantes","status":"publish","type":"page","link":"https:\/\/isfd14-bue.infd.edu.ar\/sitio\/centro-de-estudiantes\/","title":{"rendered":"CENTRO DE ESTUDIANTES"},"content":{"rendered":"<p style=\"text-align: center;\"><strong>Centro de Estudiantes I.S.F.D. y T. N\u00b0 14 \u00abElba Vidal\u00bb<\/strong><\/p>\n<p style=\"text-align: center;\"><strong>\u201cLista Verde\u201d<\/strong><\/p>\n<p style=\"text-align: center;\">\n<p><strong>Integrantes:<\/strong><\/p>\n<ul>\n<li><strong>Presidente<\/strong>: Diana Testa<\/li>\n<li><strong>Vice Presidente<\/strong>: Valentina Gonz\u00e1les<\/li>\n<li><strong>Secretaria<\/strong>: Francine Deane Passoni<\/li>\n<li><strong>Tesorera<\/strong>: Eugenia Pe\u00f1a<\/li>\n<li><strong>Vocales<\/strong>:\n<ul>\n<li>Valentina Fiore<\/li>\n<li>Azul Mart\u00ednez<\/li>\n<li>Valentina Moyano<\/li>\n<li>Claudia Andurrell<\/li>\n<li>Jennifer Alberca<\/li>\n<\/ul>\n<\/li>\n<li><strong>Vocales Suplentes:\u00a0<\/strong>\n<ul>\n<li>Sofia Bertolotti<\/li>\n<li>Oriana Rivas<\/li>\n<li>Valeria Mac Allister<\/li>\n<li>Daiana Rovito<\/li>\n<\/ul>\n<\/li>\n<\/ul>\n<p style=\"text-align: center;\"><strong>Contactos:<\/strong><\/p>\n<p style=\"text-align: center;\">Mail: centroestudiantes14@gmail.com<\/p>\n","protected":false},"excerpt":{"rendered":"<p>Centro de Estudiantes I.S.F.D. y T. N\u00b0 14 \u00abElba Vidal\u00bb \u201cLista Verde\u201d Integrantes: Presidente: Diana Testa Vice Presidente: Valentina Gonz\u00e1les Secretaria: Francine Deane Passoni Tesorera: Eugenia Pe\u00f1a Vocales: Valentina Fiore Azul Mart\u00ednez Valentina Moyano Claudia Andurrell Jennifer Alberca Vocales Suplentes:\u00a0 Sofia Bertolotti Oriana Rivas Valeria Mac Allister Daiana Rovito Contactos: Mail: centroestudiantes14@gmail.com<\/p>\n","protected":false},"author":1019,"featured_media":0,"parent":0,"menu_order":0,"comment_status":"closed","ping_status":"closed","template":"","meta":[],"acf":[],"_links":{"self":[{"href":"https:\/\/isfd14-bue.infd.edu.ar\/sitio\/wp-json\/wp\/v2\/pages\/1765"}],"collection":[{"href":"https:\/\/isfd14-bue.infd.edu.ar\/sitio\/wp-json\/wp\/v2\/pages"}],"about":[{"href":"https:\/\/isfd14-bue.infd.edu.ar\/sitio\/wp-json\/wp\/v2\/types\/page"}],"author":[{"embeddable":true,"href":"https:\/\/isfd14-bue.infd.edu.ar\/sitio\/wp-json\/wp\/v2\/users\/1019"}],"replies":[{"embeddable":true,"href":"https:\/\/isfd14-bue.infd.edu.ar\/sitio\/wp-json\/wp\/v2\/comments?post=1765"}],"version-history":[{"count":30,"href":"https:\/\/isfd14-bue.infd.edu.ar\/sitio\/wp-json\/wp\/v2\/pages\/1765\/revisions"}],"predecessor-version":[{"id":4914,"href":"https:\/\/isfd14-bue.infd.edu.ar\/sitio\/wp-json\/wp\/v2\/pages\/1765\/revisions\/4914"}],"wp:attachment":[{"href":"https:\/\/isfd14-bue.infd.edu.ar\/sitio\/wp-json\/wp\/v2\/media?parent=1765"}],"curies":[{"name":"wp","href":"https:\/\/api.w.org\/{rel}","templated":true}]}}