{"id":1684,"date":"2021-03-09T10:35:10","date_gmt":"2021-03-09T13:35:10","guid":{"rendered":"https:\/\/isfd14-bue.infd.edu.ar\/sitio\/?page_id=1684"},"modified":"2024-11-14T15:11:11","modified_gmt":"2024-11-14T18:11:11","slug":"documentacion-para-el-alumno","status":"publish","type":"page","link":"https:\/\/isfd14-bue.infd.edu.ar\/sitio\/documentacion-para-el-alumno\/","title":{"rendered":"DOCUMENTACI\u00d3N PARA EL ALUMNO"},"content":{"rendered":"<p><strong>Solicitud de Certificados:<\/strong><\/p>\n<ul>\n<li>Prof. de Ed. Especial : <a href=\"https:\/\/forms.gle\/NmiStWVrZWt2yiqHA\">https:\/\/forms.gle\/NmiStWVrZWt2yiqHA<\/a><\/li>\n<li>Prof. de Ed. Inicial: <a href=\"https:\/\/forms.gle\/mjcfshiSefZV5urs7\">https:\/\/forms.gle\/mjcfshiSefZV5urs7<\/a><\/li>\n<li>Prof. de Ed. Primaria: <a href=\"https:\/\/forms.gle\/pCJH7r8NK9Wk1L6U7\">https:\/\/forms.gle\/pCJH7r8NK9Wk1L6U7<\/a><\/li>\n<li>Tec. Sup. en Psicopedagog\u00eda: <a href=\"https:\/\/forms.gle\/BvgfwHkCN2GWvi6G7\">https:\/\/forms.gle\/BvgfwHkCN2GWvi6G7<\/a><\/li>\n<li>Tec. Sup. en Trabajo Social :<a href=\"https:\/\/forms.gle\/ReoMr9nKR3KDVtws7\">https:\/\/forms.gle\/ReoMr9nKR3KDVtws7<\/a><\/li>\n<li>Tec. Sup. en Bibliotecolog\u00eda:<a href=\"https:\/\/forms.gle\/zFBpiU3ggvwzTAqG6\">https:\/\/forms.gle\/zFBpiU3ggvwzTAqG6<\/a><\/li>\n<li>Tec. Sup. en Comunicaci\u00f3n Multimedial: <a href=\"https:\/\/forms.gle\/afYASBt1MzehsJYj9\">https:\/\/forms.gle\/afYASBt1MzehsJYj9<\/a><\/li>\n<\/ul>\n<p>\u00a0<\/p>\n<p><strong>Inscripci\u00f3n y Matriculaci\u00f3n:<\/strong><\/p>\n<ul>\n<li><a href=\"https:\/\/isfd14-bue.infd.edu.ar\/sitio\/wp-content\/uploads\/2022\/12\/Planilla-de-Inscripcion-A1.pdf\">Planilla de Inscripci\u00f3n A1<\/a><\/li>\n<li><a href=\"https:\/\/isfd14-bue.infd.edu.ar\/sitio\/wp-content\/uploads\/2024\/11\/ANEXO-7-3871-2024-3.docx\">DDJJ Salida Educativa<\/a><\/li>\n<li><a href=\"https:\/\/isfd14-bue.infd.edu.ar\/sitio\/wp-content\/uploads\/2021\/03\/Planilla-Solicitud-de-Equivalencia.pdf\">Planilla Solicitud de Equivalencia<\/a><\/li>\n<li><a href=\"https:\/\/isfd14-bue.infd.edu.ar\/sitio\/wp-content\/uploads\/2021\/03\/Planilla-Resumen-de-Solicitudes-de-Equivalencias.pdf\">Planilla Resumen de Solicitudes de Equivalencias<\/a><\/li>\n<li><a href=\"https:\/\/isfd14-bue.infd.edu.ar\/sitio\/wp-content\/uploads\/2023\/08\/Autorizacion-Imagen-y-voz-ADULTOS-2023-.docx\">Autorizaci\u00f3n de uso de imagen<\/a><\/li>\n<\/ul>\n\n\n<p><\/p>\n","protected":false},"excerpt":{"rendered":"<p>Solicitud de Certificados: Prof. de Ed. Especial : https:\/\/forms.gle\/NmiStWVrZWt2yiqHA Prof. de Ed. Inicial: https:\/\/forms.gle\/mjcfshiSefZV5urs7 Prof. de Ed. Primaria: https:\/\/forms.gle\/pCJH7r8NK9Wk1L6U7 Tec. Sup. en Psicopedagog\u00eda: https:\/\/forms.gle\/BvgfwHkCN2GWvi6G7 Tec. Sup. en Trabajo Social :https:\/\/forms.gle\/ReoMr9nKR3KDVtws7 Tec. Sup. en Bibliotecolog\u00eda:https:\/\/forms.gle\/zFBpiU3ggvwzTAqG6 Tec. Sup. en Comunicaci\u00f3n Multimedial: https:\/\/forms.gle\/afYASBt1MzehsJYj9 \u00a0 Inscripci\u00f3n y Matriculaci\u00f3n: Planilla de Inscripci\u00f3n A1 DDJJ Salida Educativa Planilla Solicitud de Equivalencia &#8230; <a title=\"DOCUMENTACI\u00d3N PARA EL ALUMNO\" class=\"read-more\" href=\"https:\/\/isfd14-bue.infd.edu.ar\/sitio\/documentacion-para-el-alumno\/\" aria-label=\"More on DOCUMENTACI\u00d3N PARA EL ALUMNO\">[+]<\/a><\/p>\n","protected":false},"author":1019,"featured_media":0,"parent":0,"menu_order":0,"comment_status":"closed","ping_status":"closed","template":"","meta":[],"acf":[],"_links":{"self":[{"href":"https:\/\/isfd14-bue.infd.edu.ar\/sitio\/wp-json\/wp\/v2\/pages\/1684"}],"collection":[{"href":"https:\/\/isfd14-bue.infd.edu.ar\/sitio\/wp-json\/wp\/v2\/pages"}],"about":[{"href":"https:\/\/isfd14-bue.infd.edu.ar\/sitio\/wp-json\/wp\/v2\/types\/page"}],"author":[{"embeddable":true,"href":"https:\/\/isfd14-bue.infd.edu.ar\/sitio\/wp-json\/wp\/v2\/users\/1019"}],"replies":[{"embeddable":true,"href":"https:\/\/isfd14-bue.infd.edu.ar\/sitio\/wp-json\/wp\/v2\/comments?post=1684"}],"version-history":[{"count":24,"href":"https:\/\/isfd14-bue.infd.edu.ar\/sitio\/wp-json\/wp\/v2\/pages\/1684\/revisions"}],"predecessor-version":[{"id":4198,"href":"https:\/\/isfd14-bue.infd.edu.ar\/sitio\/wp-json\/wp\/v2\/pages\/1684\/revisions\/4198"}],"wp:attachment":[{"href":"https:\/\/isfd14-bue.infd.edu.ar\/sitio\/wp-json\/wp\/v2\/media?parent=1684"}],"curies":[{"name":"wp","href":"https:\/\/api.w.org\/{rel}","templated":true}]}}