{"id":1589,"date":"2021-03-04T15:47:28","date_gmt":"2021-03-04T18:47:28","guid":{"rendered":"https:\/\/isfd14-bue.infd.edu.ar\/sitio\/?page_id=1589"},"modified":"2023-12-19T13:52:55","modified_gmt":"2023-12-19T16:52:55","slug":"t-social-2-2","status":"publish","type":"page","link":"https:\/\/isfd14-bue.infd.edu.ar\/sitio\/t-social-2-2\/","title":{"rendered":"TRABAJO SOCIAL"},"content":{"rendered":"\n<p><\/p>\n\n\n\n<p class=\"has-large-font-size\"><a href=\"https:\/\/isfd14-bue.infd.edu.ar\/sitio\/horarios-6\/\" data-type=\"URL\" data-id=\"https:\/\/isfd14-bue.infd.edu.ar\/sitio\/horarios-6\/\">Horarios<\/a><\/p>\n\n\n\n<p class=\"has-large-font-size\"><a href=\"https:\/\/isfd14-bue.infd.edu.ar\/sitio\/plan-de-estudio-5\/\" data-type=\"URL\" data-id=\"https:\/\/isfd14-bue.infd.edu.ar\/sitio\/plan-de-estudio-5\/\">Plan de Estudios<\/a><\/p>\n\n\n\n<p class=\"has-large-font-size\"><a href=\"https:\/\/isfd14-bue.infd.edu.ar\/sitio\/correlatividades-5\/\" data-type=\"URL\" data-id=\"https:\/\/isfd14-bue.infd.edu.ar\/sitio\/correlatividades-5\/\">Correlatividades<\/a><\/p>\n\n\n\n<p class=\"has-large-font-size\"><a href=\"https:\/\/isfd14-bue.infd.edu.ar\/sitio\/practica-trabajo-social\/\" data-type=\"URL\" data-id=\"https:\/\/isfd14-bue.infd.edu.ar\/sitio\/practica-trabajo-social\/\">Reglamento de la Pr\u00e1ctica Profesional<\/a><\/p>\n\n\n\n<p class=\"has-large-font-size\"><a href=\"https:\/\/isfd14-bue.infd.edu.ar\/sitio\/practica-trabajo-social\/reglamento-de-tesis-de-trabajo-social\/\" data-type=\"URL\" data-id=\"https:\/\/isfd14-bue.infd.edu.ar\/sitio\/practica-trabajo-social\/reglamento-de-tesis-de-trabajo-social\/\">Reglamento Presentaci\u00f3n del Trabajo Final de Investigaci\u00f3n<\/a><\/p>\n","protected":false},"excerpt":{"rendered":"<p>Horarios Plan de Estudios Correlatividades Reglamento de la Pr\u00e1ctica Profesional Reglamento Presentaci\u00f3n del Trabajo Final de Investigaci\u00f3n<\/p>\n","protected":false},"author":1019,"featured_media":0,"parent":0,"menu_order":0,"comment_status":"closed","ping_status":"closed","template":"","meta":[],"acf":[],"_links":{"self":[{"href":"https:\/\/isfd14-bue.infd.edu.ar\/sitio\/wp-json\/wp\/v2\/pages\/1589"}],"collection":[{"href":"https:\/\/isfd14-bue.infd.edu.ar\/sitio\/wp-json\/wp\/v2\/pages"}],"about":[{"href":"https:\/\/isfd14-bue.infd.edu.ar\/sitio\/wp-json\/wp\/v2\/types\/page"}],"author":[{"embeddable":true,"href":"https:\/\/isfd14-bue.infd.edu.ar\/sitio\/wp-json\/wp\/v2\/users\/1019"}],"replies":[{"embeddable":true,"href":"https:\/\/isfd14-bue.infd.edu.ar\/sitio\/wp-json\/wp\/v2\/comments?post=1589"}],"version-history":[{"count":2,"href":"https:\/\/isfd14-bue.infd.edu.ar\/sitio\/wp-json\/wp\/v2\/pages\/1589\/revisions"}],"predecessor-version":[{"id":3576,"href":"https:\/\/isfd14-bue.infd.edu.ar\/sitio\/wp-json\/wp\/v2\/pages\/1589\/revisions\/3576"}],"wp:attachment":[{"href":"https:\/\/isfd14-bue.infd.edu.ar\/sitio\/wp-json\/wp\/v2\/media?parent=1589"}],"curies":[{"name":"wp","href":"https:\/\/api.w.org\/{rel}","templated":true}]}}